{"id":1222,"date":"2022-12-08T23:06:22","date_gmt":"2022-12-08T22:06:22","guid":{"rendered":"https:\/\/www.josspecher.coach\/?page_id=1222"},"modified":"2022-12-13T12:50:32","modified_gmt":"2022-12-13T11:50:32","slug":"blog-confiance-en-soi","status":"publish","type":"page","link":"https:\/\/www.josspecher.coach\/index.php\/blog-confiance-en-soi\/","title":{"rendered":"Blog"},"content":{"rendered":"<p>[et_pb_section fb_built=\u00a0\u00bb1&Prime; custom_padding_last_edited=\u00a0\u00bbon|tablet\u00a0\u00bb admin_label=\u00a0\u00bbHeader\u00a0\u00bb _builder_version=\u00a0\u00bb4.17.3&Prime; _module_preset=\u00a0\u00bbdefault\u00a0\u00bb use_background_color_gradient=\u00a0\u00bbon\u00a0\u00bb background_color_gradient_stops=\u00a0\u00bb#e1ecea 0%|rgba(225,236,234,0) 90%\u00a0\u00bb background_image=\u00a0\u00bbhttps:\/\/www.josspecher.coach\/wp-content\/uploads\/2022\/12\/therapy-53.png\u00a0\u00bb background_position=\u00a0\u00bbbottom_center\u00a0\u00bb custom_padding=\u00a0\u00bb||8vw||false|false\u00a0\u00bb custom_padding_tablet=\u00a0\u00bb||20vw||false|false\u00a0\u00bb custom_padding_phone=\u00a0\u00bb||20vw||false|false\u00a0\u00bb collapsed=\u00a0\u00bbon\u00a0\u00bb global_colors_info=\u00a0\u00bb{}\u00a0\u00bb][et_pb_row _builder_version=\u00a0\u00bb4.17.3&Prime; _module_preset=\u00a0\u00bbdefault\u00a0\u00bb width=\u00a0\u00bb50%\u00a0\u00bb width_tablet=\u00a0\u00bb80%\u00a0\u00bb width_phone=\u00a0\u00bb80%\u00a0\u00bb width_last_edited=\u00a0\u00bbon|tablet\u00a0\u00bb locked=\u00a0\u00bboff\u00a0\u00bb global_colors_info=\u00a0\u00bb{}\u00a0\u00bb][et_pb_column type=\u00a0\u00bb4_4&Prime; _builder_version=\u00a0\u00bb4.17.1&Prime; _module_preset=\u00a0\u00bbdefault\u00a0\u00bb global_colors_info=\u00a0\u00bb{}\u00a0\u00bb][et_pb_text _builder_version=\u00a0\u00bb4.17.3&Prime; _module_preset=\u00a0\u00bbc16985e1-e0d6-4022-964d-e2bfc04fa633&Prime; header_font=\u00a0\u00bbCormorant Garamond|700|||||||\u00a0\u00bb header_text_color=\u00a0\u00bb#22434A\u00a0\u00bb header_font_size=\u00a0\u00bb90px\u00a0\u00bb header_line_height=\u00a0\u00bb1.1em\u00a0\u00bb text_orientation=\u00a0\u00bbcenter\u00a0\u00bb custom_margin=\u00a0\u00bb||0px||false|false\u00a0\u00bb header_font_size_tablet=\u00a0\u00bb40px\u00a0\u00bb header_font_size_phone=\u00a0\u00bb24px\u00a0\u00bb header_font_size_last_edited=\u00a0\u00bbon|desktop\u00a0\u00bb global_colors_info=\u00a0\u00bb{}\u00a0\u00bb]<\/p>\n<h1>Le blog de Joss<\/h1>\n<p>[\/et_pb_text][\/et_pb_column][\/et_pb_row][\/et_pb_section][et_pb_section fb_built=\u00a0\u00bb1&Prime; admin_label=\u00a0\u00bbBlog\u00a0\u00bb _builder_version=\u00a0\u00bb4.17.1&Prime; _module_preset=\u00a0\u00bbdefault\u00a0\u00bb collapsed=\u00a0\u00bbon\u00a0\u00bb global_colors_info=\u00a0\u00bb{}\u00a0\u00bb][et_pb_row column_structure=\u00a0\u00bb1_2,1_2&Prime; _builder_version=\u00a0\u00bb4.19.2&Prime; _module_preset=\u00a0\u00bbdefault\u00a0\u00bb custom_padding=\u00a0\u00bb||0px|||\u00a0\u00bb hover_enabled=\u00a0\u00bb0&Prime; global_colors_info=\u00a0\u00bb{}\u00a0\u00bb sticky_enabled=\u00a0\u00bb0&Prime;][et_pb_column type=\u00a0\u00bb1_2&Prime; _builder_version=\u00a0\u00bb4.17.1&Prime; _module_preset=\u00a0\u00bbdefault\u00a0\u00bb global_colors_info=\u00a0\u00bb{}\u00a0\u00bb][et_pb_blog posts_number=\u00a0\u00bb6&Prime; excerpt_length=\u00a0\u00bb150&Prime; show_more=\u00a0\u00bbon\u00a0\u00bb show_author=\u00a0\u00bboff\u00a0\u00bb show_pagination=\u00a0\u00bboff\u00a0\u00bb _builder_version=\u00a0\u00bb4.19.2&Prime; _module_preset=\u00a0\u00bbc89fe81b-3a1e-44ca-8a8a-34ae69d301e5&Prime; header_font=\u00a0\u00bbCormorant Garamond|600|||||||\u00a0\u00bb header_text_color=\u00a0\u00bb#22434A\u00a0\u00bb header_font_size=\u00a0\u00bb40px\u00a0\u00bb header_line_height=\u00a0\u00bb1.2em\u00a0\u00bb body_font=\u00a0\u00bbInter||||||||\u00a0\u00bb body_text_color=\u00a0\u00bb#22434A\u00a0\u00bb body_font_size=\u00a0\u00bb18px\u00a0\u00bb body_line_height=\u00a0\u00bb1.8em\u00a0\u00bb meta_font=\u00a0\u00bbInter|600|||||||\u00a0\u00bb meta_text_color=\u00a0\u00bb#63A5AD\u00a0\u00bb meta_line_height=\u00a0\u00bb1.8em\u00a0\u00bb read_more_text_color=\u00a0\u00bb#AD8B40&Prime; pagination_font=\u00a0\u00bbInter|600|||||||\u00a0\u00bb pagination_text_color=\u00a0\u00bb#2E5B61&Prime; header_font_size_tablet=\u00a0\u00bb\u00a0\u00bb header_font_size_phone=\u00a0\u00bb\u00a0\u00bb header_font_size_last_edited=\u00a0\u00bbon|tablet\u00a0\u00bb body_font_size_tablet=\u00a0\u00bb16px\u00a0\u00bb body_font_size_phone=\u00a0\u00bb14px\u00a0\u00bb body_font_size_last_edited=\u00a0\u00bbon|phone\u00a0\u00bb global_colors_info=\u00a0\u00bb{}\u00a0\u00bb][\/et_pb_blog][\/et_pb_column][et_pb_column type=\u00a0\u00bb1_2&Prime; _builder_version=\u00a0\u00bb4.17.1&Prime; _module_preset=\u00a0\u00bbdefault\u00a0\u00bb global_colors_info=\u00a0\u00bb{}\u00a0\u00bb][\/et_pb_column][\/et_pb_row][\/et_pb_section]<\/p>\n","protected":false},"excerpt":{"rendered":"<p>Le blog de Joss<\/p>\n","protected":false},"author":1,"featured_media":0,"parent":0,"menu_order":0,"comment_status":"closed","ping_status":"closed","template":"","meta":{"_et_pb_use_builder":"on","_et_pb_old_content":"","_et_gb_content_width":"","yasr_overall_rating":0,"yasr_post_is_review":"","yasr_auto_insert_disabled":"","yasr_review_type":"","footnotes":""},"class_list":["post-1222","page","type-page","status-publish","hentry"],"yoast_head":"<!-- This site is optimized with the Yoast SEO plugin v27.4 - https:\/\/yoast.com\/product\/yoast-seo-wordpress\/ -->\n<title>Blog confiance en soi - Joss Pecher Coaching<\/title>\n<meta name=\"description\" content=\"Joss \u00e9crit des articles dans son blog de d\u00e9veloppement personnel pour aider \u00e0 am\u00e9liorer sa vie et sa confiance en soi au quotidien\" \/>\n<meta name=\"robots\" content=\"index, follow, max-snippet:-1, max-image-preview:large, max-video-preview:-1\" \/>\n<link rel=\"canonical\" href=\"https:\/\/www.josspecher.coach\/index.php\/blog-confiance-en-soi\/\" \/>\n<meta property=\"og:locale\" content=\"fr_FR\" \/>\n<meta property=\"og:type\" content=\"article\" \/>\n<meta property=\"og:title\" content=\"Blog confiance en soi - Joss Pecher Coaching\" \/>\n<meta property=\"og:description\" content=\"Joss \u00e9crit des articles dans son blog de d\u00e9veloppement personnel pour aider \u00e0 am\u00e9liorer sa vie et sa confiance en soi au quotidien\" \/>\n<meta property=\"og:url\" content=\"https:\/\/www.josspecher.coach\/index.php\/blog-confiance-en-soi\/\" \/>\n<meta property=\"og:site_name\" content=\"Joss Pecher Coaching\" \/>\n<meta property=\"article:modified_time\" content=\"2022-12-13T11:50:32+00:00\" \/>\n<meta name=\"twitter:card\" content=\"summary_large_image\" \/>\n<meta name=\"twitter:label1\" content=\"Dur\u00e9e de lecture estim\u00e9e\" \/>\n\t<meta name=\"twitter:data1\" content=\"3 minutes\" \/>\n<script type=\"application\/ld+json\" class=\"yoast-schema-graph\">{\"@context\":\"https:\\\/\\\/schema.org\",\"@graph\":[{\"@type\":\"WebPage\",\"@id\":\"https:\\\/\\\/www.josspecher.coach\\\/index.php\\\/blog-confiance-en-soi\\\/\",\"url\":\"https:\\\/\\\/www.josspecher.coach\\\/index.php\\\/blog-confiance-en-soi\\\/\",\"name\":\"Blog confiance en soi - Joss Pecher Coaching\",\"isPartOf\":{\"@id\":\"https:\\\/\\\/www.josspecher.coach\\\/#website\"},\"datePublished\":\"2022-12-08T22:06:22+00:00\",\"dateModified\":\"2022-12-13T11:50:32+00:00\",\"description\":\"Joss \u00e9crit des articles dans son blog de d\u00e9veloppement personnel pour aider \u00e0 am\u00e9liorer sa vie et sa confiance en soi au quotidien\",\"breadcrumb\":{\"@id\":\"https:\\\/\\\/www.josspecher.coach\\\/index.php\\\/blog-confiance-en-soi\\\/#breadcrumb\"},\"inLanguage\":\"fr-FR\",\"potentialAction\":[{\"@type\":\"ReadAction\",\"target\":[\"https:\\\/\\\/www.josspecher.coach\\\/index.php\\\/blog-confiance-en-soi\\\/\"]}]},{\"@type\":\"BreadcrumbList\",\"@id\":\"https:\\\/\\\/www.josspecher.coach\\\/index.php\\\/blog-confiance-en-soi\\\/#breadcrumb\",\"itemListElement\":[{\"@type\":\"ListItem\",\"position\":1,\"name\":\"Home\",\"item\":\"https:\\\/\\\/www.josspecher.coach\\\/\"},{\"@type\":\"ListItem\",\"position\":2,\"name\":\"Blog\"}]},{\"@type\":\"WebSite\",\"@id\":\"https:\\\/\\\/www.josspecher.coach\\\/#website\",\"url\":\"https:\\\/\\\/www.josspecher.coach\\\/\",\"name\":\"Joss Pecher Coaching\",\"description\":\"Coaching - Confiance en soi et Estime de soi\",\"publisher\":{\"@id\":\"https:\\\/\\\/www.josspecher.coach\\\/#organization\"},\"alternateName\":\"Joss Pecher\",\"potentialAction\":[{\"@type\":\"SearchAction\",\"target\":{\"@type\":\"EntryPoint\",\"urlTemplate\":\"https:\\\/\\\/www.josspecher.coach\\\/?s={search_term_string}\"},\"query-input\":{\"@type\":\"PropertyValueSpecification\",\"valueRequired\":true,\"valueName\":\"search_term_string\"}}],\"inLanguage\":\"fr-FR\"},{\"@type\":\"Organization\",\"@id\":\"https:\\\/\\\/www.josspecher.coach\\\/#organization\",\"name\":\"Joss Pecher Coaching\",\"alternateName\":\"Joss Pecher\",\"url\":\"https:\\\/\\\/www.josspecher.coach\\\/\",\"logo\":{\"@type\":\"ImageObject\",\"inLanguage\":\"fr-FR\",\"@id\":\"https:\\\/\\\/www.josspecher.coach\\\/#\\\/schema\\\/logo\\\/image\\\/\",\"url\":\"https:\\\/\\\/www.josspecher.coach\\\/wp-content\\\/uploads\\\/2022\\\/04\\\/6-1.png\",\"contentUrl\":\"https:\\\/\\\/www.josspecher.coach\\\/wp-content\\\/uploads\\\/2022\\\/04\\\/6-1.png\",\"width\":1200,\"height\":800,\"caption\":\"Joss Pecher Coaching\"},\"image\":{\"@id\":\"https:\\\/\\\/www.josspecher.coach\\\/#\\\/schema\\\/logo\\\/image\\\/\"},\"sameAs\":[\"https:\\\/\\\/www.instagram.com\\\/joss.pecher\\\/\",\"https:\\\/\\\/www.linkedin.com\\\/in\\\/joss-pecher-53972890\\\/\"]},false]}<\/script>\n<!-- \/ Yoast SEO plugin. -->","yoast_head_json":{"title":"Blog confiance en soi - Joss Pecher Coaching","description":"Joss \u00e9crit des articles dans son blog de d\u00e9veloppement personnel pour aider \u00e0 am\u00e9liorer sa vie et sa confiance en soi au quotidien","robots":{"index":"index","follow":"follow","max-snippet":"max-snippet:-1","max-image-preview":"max-image-preview:large","max-video-preview":"max-video-preview:-1"},"canonical":"https:\/\/www.josspecher.coach\/index.php\/blog-confiance-en-soi\/","og_locale":"fr_FR","og_type":"article","og_title":"Blog confiance en soi - Joss Pecher Coaching","og_description":"Joss \u00e9crit des articles dans son blog de d\u00e9veloppement personnel pour aider \u00e0 am\u00e9liorer sa vie et sa confiance en soi au quotidien","og_url":"https:\/\/www.josspecher.coach\/index.php\/blog-confiance-en-soi\/","og_site_name":"Joss Pecher Coaching","article_modified_time":"2022-12-13T11:50:32+00:00","twitter_card":"summary_large_image","twitter_misc":{"Dur\u00e9e de lecture estim\u00e9e":"3 minutes"},"schema":{"@context":"https:\/\/schema.org","@graph":[{"@type":"WebPage","@id":"https:\/\/www.josspecher.coach\/index.php\/blog-confiance-en-soi\/","url":"https:\/\/www.josspecher.coach\/index.php\/blog-confiance-en-soi\/","name":"Blog confiance en soi - Joss Pecher Coaching","isPartOf":{"@id":"https:\/\/www.josspecher.coach\/#website"},"datePublished":"2022-12-08T22:06:22+00:00","dateModified":"2022-12-13T11:50:32+00:00","description":"Joss \u00e9crit des articles dans son blog de d\u00e9veloppement personnel pour aider \u00e0 am\u00e9liorer sa vie et sa confiance en soi au quotidien","breadcrumb":{"@id":"https:\/\/www.josspecher.coach\/index.php\/blog-confiance-en-soi\/#breadcrumb"},"inLanguage":"fr-FR","potentialAction":[{"@type":"ReadAction","target":["https:\/\/www.josspecher.coach\/index.php\/blog-confiance-en-soi\/"]}]},{"@type":"BreadcrumbList","@id":"https:\/\/www.josspecher.coach\/index.php\/blog-confiance-en-soi\/#breadcrumb","itemListElement":[{"@type":"ListItem","position":1,"name":"Home","item":"https:\/\/www.josspecher.coach\/"},{"@type":"ListItem","position":2,"name":"Blog"}]},{"@type":"WebSite","@id":"https:\/\/www.josspecher.coach\/#website","url":"https:\/\/www.josspecher.coach\/","name":"Joss Pecher Coaching","description":"Coaching - Confiance en soi et Estime de soi","publisher":{"@id":"https:\/\/www.josspecher.coach\/#organization"},"alternateName":"Joss Pecher","potentialAction":[{"@type":"SearchAction","target":{"@type":"EntryPoint","urlTemplate":"https:\/\/www.josspecher.coach\/?s={search_term_string}"},"query-input":{"@type":"PropertyValueSpecification","valueRequired":true,"valueName":"search_term_string"}}],"inLanguage":"fr-FR"},{"@type":"Organization","@id":"https:\/\/www.josspecher.coach\/#organization","name":"Joss Pecher Coaching","alternateName":"Joss Pecher","url":"https:\/\/www.josspecher.coach\/","logo":{"@type":"ImageObject","inLanguage":"fr-FR","@id":"https:\/\/www.josspecher.coach\/#\/schema\/logo\/image\/","url":"https:\/\/www.josspecher.coach\/wp-content\/uploads\/2022\/04\/6-1.png","contentUrl":"https:\/\/www.josspecher.coach\/wp-content\/uploads\/2022\/04\/6-1.png","width":1200,"height":800,"caption":"Joss Pecher Coaching"},"image":{"@id":"https:\/\/www.josspecher.coach\/#\/schema\/logo\/image\/"},"sameAs":["https:\/\/www.instagram.com\/joss.pecher\/","https:\/\/www.linkedin.com\/in\/joss-pecher-53972890\/"]},false]}},"yasr_visitor_votes":{"stars_attributes":{"read_only":false,"span_bottom":false},"number_of_votes":0,"sum_votes":0},"_links":{"self":[{"href":"https:\/\/www.josspecher.coach\/index.php\/wp-json\/wp\/v2\/pages\/1222","targetHints":{"allow":["GET"]}}],"collection":[{"href":"https:\/\/www.josspecher.coach\/index.php\/wp-json\/wp\/v2\/pages"}],"about":[{"href":"https:\/\/www.josspecher.coach\/index.php\/wp-json\/wp\/v2\/types\/page"}],"author":[{"embeddable":true,"href":"https:\/\/www.josspecher.coach\/index.php\/wp-json\/wp\/v2\/users\/1"}],"replies":[{"embeddable":true,"href":"https:\/\/www.josspecher.coach\/index.php\/wp-json\/wp\/v2\/comments?post=1222"}],"version-history":[{"count":5,"href":"https:\/\/www.josspecher.coach\/index.php\/wp-json\/wp\/v2\/pages\/1222\/revisions"}],"predecessor-version":[{"id":1242,"href":"https:\/\/www.josspecher.coach\/index.php\/wp-json\/wp\/v2\/pages\/1222\/revisions\/1242"}],"wp:attachment":[{"href":"https:\/\/www.josspecher.coach\/index.php\/wp-json\/wp\/v2\/media?parent=1222"}],"curies":[{"name":"wp","href":"https:\/\/api.w.org\/{rel}","templated":true}]}}